{"id":3,"date":"2023-07-04T13:20:23","date_gmt":"2023-07-04T13:20:23","guid":{"rendered":"https:\/\/erikalaforgia.it\/?page_id=3"},"modified":"2023-07-04T11:32:19","modified_gmt":"2023-07-04T11:32:19","slug":"privacy-policy","status":"publish","type":"page","link":"https:\/\/erikalaforgia.it\/?page_id=3","title":{"rendered":"Privacy Policy"},"content":{"rendered":"\n<p>Informazioni sul trattamento dei dati personali (art. 13 e 14 GDPR 2016\/679)<\/p>\n\n\n\n<p>Gentile visitatore<\/p>\n\n\n\n<p>Il sito <strong>erikalaforgia.it<\/strong> la informa che ai sensi degli artt. 13 e &nbsp;14 del Reg. UE 2016\/679, i dati personali, da Lei conferiti durante la navigazione sul sito, saranno oggetto di trattamento ispirato ai principi di correttezza, liceit\u00e0, trasparenza, tutela della riservatezza e dei Suoi diritti, nel pieno rispetto della vigente normativa in materia di protezione dei dati personali.<\/p>\n\n\n\n<p>Ecco come lo facciamo:<\/p>\n\n\n\n<p><strong>Il nostro dovere e la tua privacy:<\/strong><\/p>\n\n\n\n<p>Queste informazioni ti riguardano se stai visitando il nostro sito web.<\/p>\n\n\n\n<h1 class=\"wp-block-heading\"><a><\/a>Chi siamo:<\/h1>\n\n\n\n<p>Nella gestione dei tuoi dati relativi alle attivit\u00e0 richiesta informazioni usando il template della sezione contatti, il titolare \u00e8: Erika La Forgia.<\/p>\n\n\n\n<h1 class=\"wp-block-heading\">Nomina Responsabile per la protezione dei dati (DPO)<\/h1>\n\n\n\n<p>Non previsto.<\/p>\n\n\n\n<h1 class=\"wp-block-heading\"><a><\/a>La nostra responsabilit\u00e0:<\/h1>\n\n\n\n<p>Se sei gi\u00e0 un cliente o stai semplicemente visitando il sito ti informiamo che i tuoi dati verranno legittimamente trattati secondo le nostre decisioni in merito alle modalit\u00e0 e alle finalit\u00e0 del trattamento stesso meglio illustrate nei paragrafi che seguono.<\/p>\n\n\n\n<h1 class=\"wp-block-heading\"><a><\/a>Il tuo impegno:<\/h1>\n\n\n\n<p>Ti chiediamo solo di leggere attentamente questa informativa per essere pienamente informato sulle modalit\u00e0 con cui trattiamo i tuoi dati personali.<\/p>\n\n\n\n<h1 class=\"wp-block-heading\"><a><\/a>Quando e come raccogliamo i tuoi dati personali:<\/h1>\n\n\n\n<p>Non appena interagisci con il sito, iniziamo a raccogliere dati. La loro raccolta pu\u00f2 avvenire sia mediante la tua specifica comunicazione, sia con modalit\u00e0 automatica durante l\u2019utilizzo del sito web.<\/p>\n\n\n\n<p>Ecco come avviene la raccolta:<\/p>\n\n\n\n<figure class=\"wp-block-table\"><table><tbody><tr><td><\/td><td><strong>DATI CHE CI COMUNICHI<\/strong><\/td><td><strong>DATI CHE RACCOGLIAMO AUTOMATICAMENTE<\/strong><\/td><\/tr><tr><td><strong>I tuoi dati identificativi (nome, cognome, data di nascita, indirizzo e e-mail)<\/strong><\/td><td>X<\/td><td><\/td><\/tr><tr><td><strong>Navigazione nel sito web<\/strong><\/td><td><\/td><td>X<\/td><\/tr><tr><td><strong>Il tuo numero di telefono<\/strong><\/td><td>X (solo se fornito di tua iniziativa)<\/td><td><\/td><\/tr><tr><td><strong>Utilizzo del sito<\/strong><\/td><td>X<\/td><td>X<\/td><\/tr><tr><td><strong>Richiesta informazioni e preventivi<\/strong><\/td><td>X<\/td><td><\/td><\/tr><\/tbody><\/table><\/figure>\n\n\n\n<h1 class=\"wp-block-heading\"><a><\/a>La tipologia di dati che raccogliamo:<\/h1>\n\n\n\n<h2 class=\"wp-block-heading\">Recapiti<\/h2>\n\n\n\n<p>Il tuo nome e cognome, numero di telefono, indirizzo e-mail solo nel caso in cui sia tu stesso a comunicarceli.<\/p>\n\n\n\n<h2 class=\"wp-block-heading\">Dati identificativi<\/h2>\n\n\n\n<p>Il tuo indirizzo IP anonimizzato, tipo e versione del browser, fuso orario, tipologie di plug-in, informazioni di geolocalizzazione riguardo il luogo dove potresti trovarti, sistema operativo e relative versioni, ecc..<\/p>\n\n\n\n<h2 class=\"wp-block-heading\">Dati relativi all\u2019utilizzo del sito<\/h2>\n\n\n\n<p>Il tuo percorso di navigazione all\u2019interno del sito (Clickstream analysis), le tue visualizzazioni di prodotti e servizi, tempi di caricamento e risposta delle pagine, errori di download, durata della navigazione, comportamento e altre azioni, ecc..<\/p>\n\n\n\n<h2 class=\"wp-block-heading\">E per quanto riguarda i dati particolari (art. 9 GDPR 2016\/679)?<\/h2>\n\n\n\n<p>Non raccogliamo nessun tipo di dato sensibile che possa riguardarti (cio\u00e8 quei dati personali che rivelano l&#8217;origine razziale o etnica, le opinioni politiche, le convinzioni religiose o filosofiche, o l&#8217;appartenenza sindacale, dati genetici, dati biometrici, dati relativi alla salute o alla vita sessuale o all&#8217;orientamento sessuale) .<\/p>\n\n\n\n<h2 class=\"wp-block-heading\"><a><\/a>Per quale motivo raccogliamo i tuoi dati?<\/h2>\n\n\n\n<p>I dati derivanti dalla navigazione vengono trattati in forma anonima al solo fine di verificare il funzionamento del sito.<\/p>\n\n\n\n<p>I tuoi recapiti sono trattati, nel caso sia tu stesso a comunicarli ed esclusivamente per rispondere ad un tuo quesito e per riscontrare una richiesta di preventivo da te inoltrate. La base giuridica in questi casi \u00e8 l\u2019interesse legittimo. I dati saranno trattati per il tempo pari alla validit\u00e0 del preventivo e comunque per non oltre 6 mesi dal ricevimento dalla mail o dalla compilazione del form di contatto.<\/p>\n\n\n\n<h1 class=\"wp-block-heading\"><a><\/a><a><\/a><a><\/a>Cosa intendiamo per base giuridica:<\/h1>\n\n\n\n<h2 class=\"wp-block-heading\">L\u2019interesse legittimo<\/h2>\n\n\n\n<p>La tua richiesta di informazione o di preventivo rende necessario il trattamento dei dati al fine di dare seguito alla richiesta.<\/p>\n\n\n\n<p><a>Al fine di fornire un migliorare servizio inviamo e-mail agli interessati che hanno fatto richiesta di preventivo, riguardanti offerte particolari per i servizi analoghi a quello oggetto della richiesta. <u>In questo caso ai sensi dell\u2019art. 130 comma 4 D.Lgs 196\/03 e ss.m. e del considerando n. 47 di cui al GDPR 2016\/679 la base giuridica \u00e8 costituita dall\u2019interesse legittimo<\/u><\/a><\/p>\n\n\n\n<p>In ogni caso non esiste alcun processo decisionale automatizzato e l\u2019interessato pu\u00f2 in qualsiasi momento opporsi.<\/p>\n\n\n\n<p>Per tutte queste finalit\u00e0 <strong>non \u00e8 necessario il suo consenso.<\/strong><\/p>\n\n\n\n<h1 class=\"wp-block-heading\"><a><\/a>Come trattiamo i tuoi dati:<\/h1>\n\n\n\n<p>Il trattamento dei dati avviene con modalit\u00e0 prevalentemente elettroniche.<\/p>\n\n\n\n<h1 class=\"wp-block-heading\"><a><\/a>Le tue scelte e i tuoi diritti:<\/h1>\n\n\n\n<h2 class=\"wp-block-heading\">Le tue scelte<\/h2>\n\n\n\n<h3 class=\"wp-block-heading\">Puoi decidere di non comunicarci i tuoi dati<\/h3>\n\n\n\n<p>In questo caso, puoi continuare a navigare nel nostro sito, ma non saremo in grado di fornirti alcuna informazione.<\/p>\n\n\n\n<h2 class=\"wp-block-heading\">Puoi disattivare i cookie cambiando le impostazioni del browser<\/h2>\n\n\n\n<p>Puoi bloccare i cookie impostando il tuo browser in modo da impedire la loro memorizzazione. Puoi anche cancellare i cookie direttamente dalle impostazioni del tuo browser. Se disattivi i cookie, puoi continuare a navigare nel nostro sito, ma alcuni dei nostri servizi potrebbero non funzionare correttamente. Per saperne di pi\u00f9 consulta la cookie policy.<\/p>\n\n\n\n<h2 class=\"wp-block-heading\">I tuoi diritti<\/h2>\n\n\n\n<p>Puoi sempre esercitare i tuoi diritti inviandoci un\u2019e-mail al seguente indirizzo: erikalaforgia@deraweb.it<\/p>\n\n\n\n<h2 class=\"wp-block-heading\">Hai il diritto di accedere alle informazioni che ti riguardano<\/h2>\n\n\n\n<p>Ci\u00f2 comporta il diritto di chiederci ulteriori informazioni riguardo a:<\/p>\n\n\n\n<ul>\n<li>le categorie di dati che trattiamo;<\/li>\n\n\n\n<li>le finalit\u00e0 del trattamento;<\/li>\n\n\n\n<li>le categorie di eventuali destinatari a cui i dati potrebbero essere comunicati;<\/li>\n\n\n\n<li>il periodo di conservazione dei dati o, in mancanza, i criteri per determinare tale periodo;<\/li>\n\n\n\n<li>gli altri diritti riguardanti l\u2019utilizzo dei tuoi dati.<\/li>\n<\/ul>\n\n\n\n<p>Ti forniremo le informazioni entro un mese dalla tua richiesta, a meno che ci\u00f2 non pregiudichi i diritti e le libert\u00e0 di altri soggetti (ad esempio la riservatezza di un&#8217;altra persona o i diritti di propriet\u00e0 intellettuale) oppure qualora vi siano obblighi di legge che ce lo impediscano. T\u2019informeremo nel caso in cui non riuscissimo a soddisfare la tua richiesta per tali ragioni.<\/p>\n\n\n\n<p><strong>Hai il diritto di ottenere la correzione dei tuoi dati, se inesatti o non aggiornati<\/strong><\/p>\n\n\n\n<p><strong>Hai il diritto di ottenere la cancellazione dei tuoi dati personali (diritto all\u2019oblio)<\/strong><\/p>\n\n\n\n<p>Potrai, in ogni momento, chiederci di cancellare i tuoi dati personali in nostro possesso, nel caso in cui la conservazione dei tuoi dati personali non fosse pi\u00f9 necessaria per le finalit\u00e0 del trattamento.<\/p>\n\n\n\n<p><strong>Hai il diritto di trasferire i tuoi dati ad un altro operatore (portabilit\u00e0 dei dati)<\/strong><\/p>\n\n\n\n<p>Ti forniremo una copia dei tuoi dati in formato interoperabile nel caso tu voglia trasferirli ad un altro operatore. In caso di tua richiesta e se tecnicamente possibile, provvederemo a trasferire direttamente i dati al nuovo operatore. Non procederemo ad alcun trasferimento, nel caso in cui la portabilit\u00e0 dei tuoi dati comporti anche la diffusione dei dati personali di altri individui.<\/p>\n\n\n\n<p><strong>Hai il diritto di opporti al trattamento dei tuoi dati personali da noi effettuato<\/strong><\/p>\n\n\n\n<p>Puoi sempre rivolgerti all\u2019Autorit\u00e0 di controllo per proporre i tuoi eventuali reclami. Prima di fare ci\u00f2, contattaci pure! Saremo lieti di risolvere tutti gli eventuali problemi relativi al trattamento dei tuoi dati personali.<\/p>\n\n\n\n<p><strong>Hai il diritto di opporti all\u2019utilizzo dei tuoi dati mediante decisioni automatizzate, compresa la profilazione<\/strong><\/p>\n\n\n\n<p>Potremmo utilizzare i tuoi dati per individuare le informazioni per te potenzialmente rilevanti (per esempio, inviarti e-mail personalizzate basate sulle tue preferenze da noi rilevate). Altrimenti, utilizzeremo i tuoi dati solo per fornirti i nostri servizi.<\/p>\n\n\n\n<p><strong>Garantiamo i tuoi diritti anche se trattiamo i tuoi dati personali per conto di terzi<\/strong><\/p>\n\n\n\n<p>Se trattiamo i tuoi dati per conto di terzi, ti garantiamo che le richieste relative all\u2019esercizio dei tuoi diritti saranno loro trasmesse senza ingiustificato ritardo.<\/p>\n\n\n\n<p>Quale livello di sicurezza adottiamo per trattare i tuoi dati?<\/p>\n\n\n\n<p>Ti garantiamo che il trattamento dei tuoi dati avviene nella massima sicurezza: abbiamo infatti adottato misure fisiche, informatiche e organizzative idonee ad assicurare la protezione dei tuoi dati.<\/p>\n\n\n\n<p><strong>Dobbiamo comunque ricordarti che:<\/strong><\/p>\n\n\n\n<ul>\n<li>Ci comunichi i tuoi dati a tuo rischio. Ce la mettiamo tutta ma, purtroppo, allo stato attuale non esiste una trasmissione dei dati sicura al 100%.<\/li>\n\n\n\n<li>Devi sempre mantenere al sicuro il tuo username e la password, sei tu l\u2019unico a conoscerli.<\/li>\n\n\n\n<li>Se hai la percezione di aver sub\u00ecto una violazione dei tuoi dati, ti invitiamo a contattarci subito<em> <\/em>erikalaforgia@deraweb.it<\/li>\n<\/ul>\n\n\n\n<p>Ai sensi dell&#8217;art. 17 del Regolamento Europeo Generale sulla Protezione dei Dati Personali 679\/2016 (denominato <strong>&#8220;GDPR&#8221;<\/strong>) pu\u00f2 richiedere la cancellazione di tutti i Suoi dati personali al titolare del trattamento compilando il modulo presente nel sito internet del Garante della Privacy scaricabile da questo <a href=\"http:\/\/www.garanteprivacy.it\/web\/guest\/home\/docweb\/-\/docweb-display\/docweb\/1089924\" target=\"_blank\" rel=\"noreferrer noopener\">LINK<\/a> e inviandolo tramite e-mail all&#8217;indirizzo erikalaforgia@deraweb.it<\/p>\n\n\n\n<p><a><\/a><strong>Dove vengono conservati i tuoi dati?<\/strong><\/p>\n\n\n\n<p>I tuoi dati vengono trattati all\u2019interno dell\u2019Unione Europea e nelle altre strutture dati gestite dai terzi di seguito identificati.<\/p>\n\n\n\n<p>Dal momento in cui ci comunichi i tuoi dati personali, acconsenti anche al loro trasferimento, alla loro memorizzazione e trattamento da parte nostra.<\/p>\n\n\n\n<p>Nel caso avessimo la necessit\u00e0 di trasferire e\/o memorizzare i tuoi dati al di fuori dell\u2019UE, sarai adeguatamente informato in merito. Anche in tale ipotesi, adotteremo tutte le misure idonee a garantirne la massima protezione.<\/p>\n\n\n\n<p><a><\/a><a><\/a><strong>Terze parti che possono trattare i tuoi dati:<\/strong><\/p>\n\n\n\n<p>I dati personali da Lei forniti potranno essere comunicati a soggetti pubblici, istituzionali o professionali abilitati per legge a richiederne l\u2019acquisizione nonch\u00e9, esclusivamente per le finalit\u00e0 previste al paragrafo 2), a societ\u00e0 terze o professionisti che garantiscono il rispetto della normativa vigente in materia di tutela dei dati personali.<\/p>\n\n\n\n<p>Senza la necessit\u00e0 di un espresso consenso (ex art. 6 DPR 2016\/679), il Titolare potr\u00e0 comunicare i Suoi dati per le finalit\u00e0 di cui all\u2019art. 2) a Organismi di Vigilanza, Autorit\u00e0 Giudiziarie, societ\u00e0 di assicurazione per la prestazione di servizi assicurativi, nonch\u00e9 quei soggetti ai quali la comunicazione sia obbligatoria per legge per l\u2019espletamento delle finalit\u00e0 dette. Detti soggetti tratteranno i dati nella loro qualit\u00e0 di autonomi titolari del trattamento.<\/p>\n\n\n\n<p>L\u2019elenco dettagliato dei soggetti terzi a cui il Titolare del trattamento, sempre nel rispetto delle finalit\u00e0 sopra evidenziate, comunicher\u00e0 i dati personali da Lei forniti, \u00e8 detenuto dal Titolare del trattamento e verr\u00e0 comunicato previa semplice richiesta. Pu\u00f2 richiedere l\u2019elenco dei soggetti terzi direttamente alla titolare inviando una richiesta all\u2019indirizzo sopra riportato<\/p>\n","protected":false},"excerpt":{"rendered":"<p>Informazioni sul trattamento dei dati personali (art. 13 e 14 GDPR 2016\/679) Gentile visitatore Il sito erikalaforgia.it la informa che ai sensi degli artt. 13 e &nbsp;14 del Reg. UE 2016\/679, i dati personali, da Lei conferiti durante la navigazione sul sito, saranno oggetto di trattamento ispirato ai principi di correttezza, liceit\u00e0, trasparenza, tutela della [&hellip;]<\/p>\n","protected":false},"author":1,"featured_media":0,"parent":0,"menu_order":0,"comment_status":"closed","ping_status":"closed","template":"","meta":[],"yoast_head":"<!-- This site is optimized with the Yoast SEO plugin v20.10 - https:\/\/yoast.com\/wordpress\/plugins\/seo\/ -->\n<title>Privacy Policy - Erika La Forgia<\/title>\n<meta name=\"robots\" content=\"noindex, nofollow\" \/>\n<meta property=\"og:locale\" content=\"it_IT\" \/>\n<meta property=\"og:type\" content=\"article\" \/>\n<meta property=\"og:title\" content=\"Privacy Policy - Erika La Forgia\" \/>\n<meta property=\"og:description\" content=\"Informazioni sul trattamento dei dati personali (art. 13 e 14 GDPR 2016\/679) Gentile visitatore Il sito erikalaforgia.it la informa che ai sensi degli artt. 13 e &nbsp;14 del Reg. UE 2016\/679, i dati personali, da Lei conferiti durante la navigazione sul sito, saranno oggetto di trattamento ispirato ai principi di correttezza, liceit\u00e0, trasparenza, tutela della [&hellip;]\" \/>\n<meta property=\"og:url\" content=\"https:\/\/erikalaforgia.it\/?page_id=3\" \/>\n<meta property=\"og:site_name\" content=\"Erika La Forgia\" \/>\n<meta property=\"article:modified_time\" content=\"2023-07-04T11:32:19+00:00\" \/>\n<meta name=\"twitter:card\" content=\"summary_large_image\" \/>\n<meta name=\"twitter:label1\" content=\"Tempo di lettura stimato\" \/>\n\t<meta name=\"twitter:data1\" content=\"9 minuti\" \/>\n<script type=\"application\/ld+json\" class=\"yoast-schema-graph\">{\"@context\":\"https:\/\/schema.org\",\"@graph\":[{\"@type\":\"WebPage\",\"@id\":\"https:\/\/erikalaforgia.it\/?page_id=3\",\"url\":\"https:\/\/erikalaforgia.it\/?page_id=3\",\"name\":\"Privacy Policy - Erika La Forgia\",\"isPartOf\":{\"@id\":\"https:\/\/erikalaforgia.it\/#website\"},\"datePublished\":\"2023-07-04T13:20:23+00:00\",\"dateModified\":\"2023-07-04T11:32:19+00:00\",\"breadcrumb\":{\"@id\":\"https:\/\/erikalaforgia.it\/?page_id=3#breadcrumb\"},\"inLanguage\":\"it-IT\",\"potentialAction\":[{\"@type\":\"ReadAction\",\"target\":[\"https:\/\/erikalaforgia.it\/?page_id=3\"]}]},{\"@type\":\"BreadcrumbList\",\"@id\":\"https:\/\/erikalaforgia.it\/?page_id=3#breadcrumb\",\"itemListElement\":[{\"@type\":\"ListItem\",\"position\":1,\"name\":\"Home\",\"item\":\"https:\/\/erikalaforgia.it\/\"},{\"@type\":\"ListItem\",\"position\":2,\"name\":\"Privacy Policy\"}]},{\"@type\":\"WebSite\",\"@id\":\"https:\/\/erikalaforgia.it\/#website\",\"url\":\"https:\/\/erikalaforgia.it\/\",\"name\":\"Erika La Forgia\",\"description\":\"Consulente d&#039;Impresa Certificato Deraweb\",\"potentialAction\":[{\"@type\":\"SearchAction\",\"target\":{\"@type\":\"EntryPoint\",\"urlTemplate\":\"https:\/\/erikalaforgia.it\/?s={search_term_string}\"},\"query-input\":\"required name=search_term_string\"}],\"inLanguage\":\"it-IT\"}]}<\/script>\n<!-- \/ Yoast SEO plugin. -->","yoast_head_json":{"title":"Privacy Policy - Erika La Forgia","robots":{"index":"noindex","follow":"nofollow"},"og_locale":"it_IT","og_type":"article","og_title":"Privacy Policy - Erika La Forgia","og_description":"Informazioni sul trattamento dei dati personali (art. 13 e 14 GDPR 2016\/679) Gentile visitatore Il sito erikalaforgia.it la informa che ai sensi degli artt. 13 e &nbsp;14 del Reg. UE 2016\/679, i dati personali, da Lei conferiti durante la navigazione sul sito, saranno oggetto di trattamento ispirato ai principi di correttezza, liceit\u00e0, trasparenza, tutela della [&hellip;]","og_url":"https:\/\/erikalaforgia.it\/?page_id=3","og_site_name":"Erika La Forgia","article_modified_time":"2023-07-04T11:32:19+00:00","twitter_card":"summary_large_image","twitter_misc":{"Tempo di lettura stimato":"9 minuti"},"schema":{"@context":"https:\/\/schema.org","@graph":[{"@type":"WebPage","@id":"https:\/\/erikalaforgia.it\/?page_id=3","url":"https:\/\/erikalaforgia.it\/?page_id=3","name":"Privacy Policy - Erika La Forgia","isPartOf":{"@id":"https:\/\/erikalaforgia.it\/#website"},"datePublished":"2023-07-04T13:20:23+00:00","dateModified":"2023-07-04T11:32:19+00:00","breadcrumb":{"@id":"https:\/\/erikalaforgia.it\/?page_id=3#breadcrumb"},"inLanguage":"it-IT","potentialAction":[{"@type":"ReadAction","target":["https:\/\/erikalaforgia.it\/?page_id=3"]}]},{"@type":"BreadcrumbList","@id":"https:\/\/erikalaforgia.it\/?page_id=3#breadcrumb","itemListElement":[{"@type":"ListItem","position":1,"name":"Home","item":"https:\/\/erikalaforgia.it\/"},{"@type":"ListItem","position":2,"name":"Privacy Policy"}]},{"@type":"WebSite","@id":"https:\/\/erikalaforgia.it\/#website","url":"https:\/\/erikalaforgia.it\/","name":"Erika La Forgia","description":"Consulente d&#039;Impresa Certificato Deraweb","potentialAction":[{"@type":"SearchAction","target":{"@type":"EntryPoint","urlTemplate":"https:\/\/erikalaforgia.it\/?s={search_term_string}"},"query-input":"required name=search_term_string"}],"inLanguage":"it-IT"}]}},"_links":{"self":[{"href":"https:\/\/erikalaforgia.it\/index.php?rest_route=\/wp\/v2\/pages\/3"}],"collection":[{"href":"https:\/\/erikalaforgia.it\/index.php?rest_route=\/wp\/v2\/pages"}],"about":[{"href":"https:\/\/erikalaforgia.it\/index.php?rest_route=\/wp\/v2\/types\/page"}],"author":[{"embeddable":true,"href":"https:\/\/erikalaforgia.it\/index.php?rest_route=\/wp\/v2\/users\/1"}],"replies":[{"embeddable":true,"href":"https:\/\/erikalaforgia.it\/index.php?rest_route=%2Fwp%2Fv2%2Fcomments&post=3"}],"version-history":[{"count":3,"href":"https:\/\/erikalaforgia.it\/index.php?rest_route=\/wp\/v2\/pages\/3\/revisions"}],"predecessor-version":[{"id":131,"href":"https:\/\/erikalaforgia.it\/index.php?rest_route=\/wp\/v2\/pages\/3\/revisions\/131"}],"wp:attachment":[{"href":"https:\/\/erikalaforgia.it\/index.php?rest_route=%2Fwp%2Fv2%2Fmedia&parent=3"}],"curies":[{"name":"wp","href":"https:\/\/api.w.org\/{rel}","templated":true}]}}